{"id":970,"date":"2015-08-17T14:54:20","date_gmt":"2015-08-17T14:54:20","guid":{"rendered":"https:\/\/sagiroglumakina.com.tr\/?page_id=970"},"modified":"2023-08-24T11:38:35","modified_gmt":"2023-08-24T08:38:35","slug":"hizmetlerimiz","status":"publish","type":"page","link":"https:\/\/sagiroglumakina.com.tr\/index.php\/hizmetlerimiz\/","title":{"rendered":"Hizmetlerimiz"},"content":{"rendered":"<section class=\"wpb-content-wrapper\"><p>[vc_row full_width=&#8221;stretch_row_content_no_spaces&#8221;][vc_column]<div class=\"sc_parallax sc_parallax_reverse_no\" style=\"color:#ffffff;\" data-parallax-speed=\"0.3\" data-parallax-x-pos=\"50%\" data-parallax-y-pos=\"50%\"><div class=\"sc_parallax_content\" style=\"background-image:url(https:\/\/sagiroglumakina.com.tr\/wp-content\/uploads\/2023\/08\/423424234.webp); background-position:50% 50%;\"><div class=\"sc_parallax_overlay\" style=\"background-color:rgba(0,0,0,0.7);\" data-overlay=\"0.7\" data-bg_color=\"\"><div class=\"sc_content content_wrap\">[vc_column_text]<\/p>\n<p style=\"text-align: center;\">Yedek par\u00e7a temini de dahil olmak \u00fczere; bah\u00e7e ekipmanlar\u0131n\u0131z\u0131n genel bak\u0131m\u0131n\u0131 yap\u0131yor ve motor, ak\u00fc gibi aksamlar\u0131ndaki ar\u0131zalar\u0131 gideriyoruz<\/p>\n<p>[\/vc_column_text]<\/div><\/div><\/div><\/div>[\/vc_column][\/vc_row][vc_row][vc_column][vc_empty_space height=&#8221;6.9286em&#8221;]<div id=\"sc_services_1984567621_wrap\" class=\"sc_services_wrap\"><div id=\"sc_services_1984567621\" class=\"sc_services sc_services_style_services-1 sc_services_type_images  sc_slider_nopagination sc_slider_nocontrols\" style=\"width:100%;\" data-interval=\"9973\" data-slides-per-view=\"3\"><h2 class=\"sc_services_title sc_item_title\">Hizmet Kategorilerimiz<\/h2><div class=\"sc_services_descr sc_item_descr\">Bah\u00e7e ekipmanlar\u0131 i\u00e7in her t\u00fcrl\u00fc ihtiya\u00e7 do\u011frultusunda geni\u015f bir yelpazede hizmet veriyoruz.<\/div><div class=\"sc_columns columns_wrap\"><div class=\"column-1_3 column_padding_bottom\">\t\t\t<div id=\"sc_services_1984567621_1\"\t\t\t\tclass=\"sc_services_item sc_services_item_1 odd first\"\n\t\t\t\t>\n\t\t\t\t\t\t\t\t\t<div class=\"sc_services_item_featured post_featured\">\n\t\t\t\t\t\t\t\t\t\t\t\t<div class=\"post_thumb\" data-image=\"https:\/\/sagiroglumakina.com.tr\/wp-content\/uploads\/2023\/08\/motorlu-tirpan-bakimi.webp\" data-title=\"Motorlu T\u0131rpan Tamiri ve Bak\u0131m\u0131\">\n\t\t\t\t\t\t<a class=\"hover_icon hover_icon_link\" href=\"https:\/\/sagiroglumakina.com.tr\/index.php\/services\/motorlu-tirpan-tamiri-ve-bakimi\/\"><img loading=\"lazy\" decoding=\"async\" class=\"wp-post-image\" width=\"373\" height=\"240\" alt=\"Motorlu T\u0131rpan Tamiri ve Bak\u0131m\u0131\" src=\"https:\/\/sagiroglumakina.com.tr\/wp-content\/uploads\/2023\/08\/motorlu-tirpan-bakimi-373x240.webp\"><\/a>\t\t\t\t\t\t<\/div>\n\t\t\t\t\t\t\t\t\t\t\t<\/div>\n\t\t\t\t\t\n\n\t\t\t\t<div class=\"sc_services_item_content\">\n\t\t\t\t\t<h6 class=\"sc_services_item_title\"><a href=\"https:\/\/sagiroglumakina.com.tr\/index.php\/services\/motorlu-tirpan-tamiri-ve-bakimi\/\">Motorlu T\u0131rpan Tamiri ve Bak\u0131m\u0131<\/a><\/h6>\n\t\t\t\t\t<div class=\"sc_services_item_description\">\n\t\t\t\t\t\t<p>Motorlu t\u0131rpanlarda olu\u015fabilecek ar\u0131zalar\u0131 gideriyoruz ve ilgili par\u00e7a de\u011fi\u015fimlerini yap\u0131yoruz<\/p><a href=\"https:\/\/sagiroglumakina.com.tr\/index.php\/services\/motorlu-tirpan-tamiri-ve-bakimi\/\" class=\"sc_services_item_readmore\">Detaylar<\/a>\t\t\t\t\t<\/div>\n\n\t\t\t\t<\/div>\n\t\t\t<\/div>\n\t\t<\/div><div class=\"column-1_3 column_padding_bottom\">\t\t\t<div id=\"sc_services_1984567621_2\"\t\t\t\tclass=\"sc_services_item sc_services_item_2 even\"\n\t\t\t\t>\n\t\t\t\t\t\t\t\t\t<div class=\"sc_services_item_featured post_featured\">\n\t\t\t\t\t\t\t\t\t\t\t\t<div class=\"post_thumb\" data-image=\"https:\/\/sagiroglumakina.com.tr\/wp-content\/uploads\/2023\/08\/Energy-Sasa-Tarakli-Zeytin-Hasat-Makinasi-1-430x430-1.webp\" data-title=\"Hasat Makinesi Tamiri ve Bak\u0131m\u0131\">\n\t\t\t\t\t\t<a class=\"hover_icon hover_icon_link\" href=\"https:\/\/sagiroglumakina.com.tr\/index.php\/services\/hasat-makinesi-tamiri-ve-bakimi\/\"><img loading=\"lazy\" decoding=\"async\" class=\"wp-post-image\" width=\"373\" height=\"240\" alt=\"Hasat Makinesi Tamiri ve Bak\u0131m\u0131\" src=\"https:\/\/sagiroglumakina.com.tr\/wp-content\/uploads\/2023\/08\/Energy-Sasa-Tarakli-Zeytin-Hasat-Makinasi-1-430x430-1-373x240.webp\"><\/a>\t\t\t\t\t\t<\/div>\n\t\t\t\t\t\t\t\t\t\t\t<\/div>\n\t\t\t\t\t\n\n\t\t\t\t<div class=\"sc_services_item_content\">\n\t\t\t\t\t<h6 class=\"sc_services_item_title\"><a href=\"https:\/\/sagiroglumakina.com.tr\/index.php\/services\/hasat-makinesi-tamiri-ve-bakimi\/\">Hasat Makinesi Tamiri ve Bak\u0131m\u0131<\/a><\/h6>\n\t\t\t\t\t<div class=\"sc_services_item_description\">\n\t\t\t\t\t\t<p>Hasat makinelerinin ar\u0131za tamirat\u0131n\u0131 yap\u0131yoruz ayr\u0131ca ak\u00fc de\u011fi\u015fimi ger\u00e7ekle\u015ftiriyoruz<\/p><a href=\"https:\/\/sagiroglumakina.com.tr\/index.php\/services\/hasat-makinesi-tamiri-ve-bakimi\/\" class=\"sc_services_item_readmore\">Detaylar<\/a>\t\t\t\t\t<\/div>\n\n\t\t\t\t<\/div>\n\t\t\t<\/div>\n\t\t<\/div><div class=\"column-1_3 column_padding_bottom\">\t\t\t<div id=\"sc_services_1984567621_3\"\t\t\t\tclass=\"sc_services_item sc_services_item_3 odd\"\n\t\t\t\t>\n\t\t\t\t\t\t\t\t\t<div class=\"sc_services_item_featured post_featured\">\n\t\t\t\t\t\t\t\t\t\t\t\t<div class=\"post_thumb\" data-image=\"https:\/\/sagiroglumakina.com.tr\/wp-content\/uploads\/2023\/08\/yedek-parca-teminati.webp\" data-title=\"Yedek Par\u00e7a Temini\">\n\t\t\t\t\t\t<a class=\"hover_icon hover_icon_link\" href=\"https:\/\/sagiroglumakina.com.tr\/index.php\/services\/yedek-parca-temini\/\"><img loading=\"lazy\" decoding=\"async\" class=\"wp-post-image\" width=\"373\" height=\"240\" alt=\"Yedek Par\u00e7a Temini\" src=\"https:\/\/sagiroglumakina.com.tr\/wp-content\/uploads\/2023\/08\/yedek-parca-teminati-373x240.webp\"><\/a>\t\t\t\t\t\t<\/div>\n\t\t\t\t\t\t\t\t\t\t\t<\/div>\n\t\t\t\t\t\n\n\t\t\t\t<div class=\"sc_services_item_content\">\n\t\t\t\t\t<h6 class=\"sc_services_item_title\"><a href=\"https:\/\/sagiroglumakina.com.tr\/index.php\/services\/yedek-parca-temini\/\">Yedek Par\u00e7a Temini<\/a><\/h6>\n\t\t\t\t\t<div class=\"sc_services_item_description\">\n\t\t\t\t\t\t<p>Bah\u00e7e ekipmanlar\u0131yla ilgili ihtiyac\u0131n\u0131z olan yedek par\u00e7alar\u0131n \u00e7o\u011funu temin ediyoruz<\/p><a href=\"https:\/\/sagiroglumakina.com.tr\/index.php\/services\/yedek-parca-temini\/\" class=\"sc_services_item_readmore\">Detaylar<\/a>\t\t\t\t\t<\/div>\n\n\t\t\t\t<\/div>\n\t\t\t<\/div>\n\t\t<\/div><div class=\"column-1_3 column_padding_bottom\">\t\t\t<div id=\"sc_services_1984567621_4\"\t\t\t\tclass=\"sc_services_item sc_services_item_4 even\"\n\t\t\t\t>\n\t\t\t\t\t\t\t\t\t<div class=\"sc_services_item_featured post_featured\">\n\t\t\t\t\t\t\t\t\t\t\t\t<div class=\"post_thumb\" data-image=\"https:\/\/sagiroglumakina.com.tr\/wp-content\/uploads\/2023\/08\/rasenmaeher-vergaser-einstellen.webp\" data-title=\"\u00c7im Bi\u00e7me Makinesi Tamiri ve Bak\u0131m\u0131\">\n\t\t\t\t\t\t<a class=\"hover_icon hover_icon_link\" href=\"https:\/\/sagiroglumakina.com.tr\/index.php\/services\/cim-bicme-makinesi-tamiri-ve-bakimi\/\"><img loading=\"lazy\" decoding=\"async\" class=\"wp-post-image\" width=\"373\" height=\"240\" alt=\"\u00c7im Bi\u00e7me Makinesi Tamiri ve Bak\u0131m\u0131\" src=\"https:\/\/sagiroglumakina.com.tr\/wp-content\/uploads\/2023\/08\/rasenmaeher-vergaser-einstellen-373x240.webp\"><\/a>\t\t\t\t\t\t<\/div>\n\t\t\t\t\t\t\t\t\t\t\t<\/div>\n\t\t\t\t\t\n\n\t\t\t\t<div class=\"sc_services_item_content\">\n\t\t\t\t\t<h6 class=\"sc_services_item_title\"><a href=\"https:\/\/sagiroglumakina.com.tr\/index.php\/services\/cim-bicme-makinesi-tamiri-ve-bakimi\/\">\u00c7im Bi\u00e7me Makinesi Tamiri ve Bak\u0131m\u0131<\/a><\/h6>\n\t\t\t\t\t<div class=\"sc_services_item_description\">\n\t\t\t\t\t\t<p>\u00c7im bi\u00e7me makinelerinde meydana gelebilecek ar\u0131zalar\u0131 gideriyor ve gerekli par\u00e7a de\u011fi\u015fimlerini...<\/p><a href=\"https:\/\/sagiroglumakina.com.tr\/index.php\/services\/cim-bicme-makinesi-tamiri-ve-bakimi\/\" class=\"sc_services_item_readmore\">Detaylar<\/a>\t\t\t\t\t<\/div>\n\n\t\t\t\t<\/div>\n\t\t\t<\/div>\n\t\t<\/div><div class=\"column-1_3 column_padding_bottom\">\t\t\t<div id=\"sc_services_1984567621_5\"\t\t\t\tclass=\"sc_services_item sc_services_item_5 odd\"\n\t\t\t\t>\n\t\t\t\t\t\t\t\t\t<div class=\"sc_services_item_featured post_featured\">\n\t\t\t\t\t\t\t\t\t\t\t\t<div class=\"post_thumb\" data-image=\"https:\/\/sagiroglumakina.com.tr\/wp-content\/uploads\/2023\/08\/kocaeli-ilaclama-makinasi-rotated-1.webp\" data-title=\"\u0130la\u00e7lama Makinesi Tamiri ve Bak\u0131m\u0131\">\n\t\t\t\t\t\t<a class=\"hover_icon hover_icon_link\" href=\"https:\/\/sagiroglumakina.com.tr\/index.php\/services\/ilaclama-makinesi-tamiri-ve-bakimi\/\"><img loading=\"lazy\" decoding=\"async\" class=\"wp-post-image\" width=\"373\" height=\"240\" alt=\"\u0130la\u00e7lama Makinesi Tamiri ve Bak\u0131m\u0131\" src=\"https:\/\/sagiroglumakina.com.tr\/wp-content\/uploads\/2023\/08\/kocaeli-ilaclama-makinasi-rotated-1-373x240.webp\"><\/a>\t\t\t\t\t\t<\/div>\n\t\t\t\t\t\t\t\t\t\t\t<\/div>\n\t\t\t\t\t\n\n\t\t\t\t<div class=\"sc_services_item_content\">\n\t\t\t\t\t<h6 class=\"sc_services_item_title\"><a href=\"https:\/\/sagiroglumakina.com.tr\/index.php\/services\/ilaclama-makinesi-tamiri-ve-bakimi\/\">\u0130la\u00e7lama Makinesi Tamiri ve Bak\u0131m\u0131<\/a><\/h6>\n\t\t\t\t\t<div class=\"sc_services_item_description\">\n\t\t\t\t\t\t<p>\u0130la\u00e7lama makinelerinde meydana gelebilecek problemleri gideriyoruz<\/p><a href=\"https:\/\/sagiroglumakina.com.tr\/index.php\/services\/ilaclama-makinesi-tamiri-ve-bakimi\/\" class=\"sc_services_item_readmore\">Detaylar<\/a>\t\t\t\t\t<\/div>\n\n\t\t\t\t<\/div>\n\t\t\t<\/div>\n\t\t<\/div><div class=\"column-1_3 column_padding_bottom\">\t\t\t<div id=\"sc_services_1984567621_6\"\t\t\t\tclass=\"sc_services_item sc_services_item_6 even\"\n\t\t\t\t>\n\t\t\t\t\t\t\t\t\t<div class=\"sc_services_item_featured post_featured\">\n\t\t\t\t\t\t\t\t\t\t\t\t<div class=\"post_thumb\" data-image=\"https:\/\/sagiroglumakina.com.tr\/wp-content\/uploads\/2023\/08\/38078816-7621-40b8-bb68-02cad1cac1db.webp\" data-title=\"Motorlu Testere Tamiri ve Bak\u0131m\u0131\">\n\t\t\t\t\t\t<a class=\"hover_icon hover_icon_link\" href=\"https:\/\/sagiroglumakina.com.tr\/index.php\/services\/motorlu-testere-tamiri-ve-bakimi\/\"><img loading=\"lazy\" decoding=\"async\" class=\"wp-post-image\" width=\"373\" height=\"240\" alt=\"Motorlu Testere Tamiri ve Bak\u0131m\u0131\" src=\"https:\/\/sagiroglumakina.com.tr\/wp-content\/uploads\/2023\/08\/38078816-7621-40b8-bb68-02cad1cac1db-373x240.webp\"><\/a>\t\t\t\t\t\t<\/div>\n\t\t\t\t\t\t\t\t\t\t\t<\/div>\n\t\t\t\t\t\n\n\t\t\t\t<div class=\"sc_services_item_content\">\n\t\t\t\t\t<h6 class=\"sc_services_item_title\"><a href=\"https:\/\/sagiroglumakina.com.tr\/index.php\/services\/motorlu-testere-tamiri-ve-bakimi\/\">Motorlu Testere Tamiri ve Bak\u0131m\u0131<\/a><\/h6>\n\t\t\t\t\t<div class=\"sc_services_item_description\">\n\t\t\t\t\t\t<p>Motorlu testerelerin motor de\u011fi\u015fim ve genel bak\u0131m i\u015flemlerini ger\u00e7ekle\u015ftirmekteyiz<\/p><a href=\"https:\/\/sagiroglumakina.com.tr\/index.php\/services\/motorlu-testere-tamiri-ve-bakimi\/\" class=\"sc_services_item_readmore\">Detaylar<\/a>\t\t\t\t\t<\/div>\n\n\t\t\t\t<\/div>\n\t\t\t<\/div>\n\t\t<\/div><\/div><\/div><!-- \/.sc_services --><\/div><!-- \/.sc_services_wrap -->[vc_empty_space height=&#8221;3.0714em&#8221;][\/vc_column][\/vc_row][vc_row full_width=&#8221;stretch_row_content_no_spaces&#8221;][vc_column]<div class=\"sc_section sc_section_reverse_no\" style=\"background-color:#f7f7f7;\"><div class=\"sc_section_inner\"><div class=\"sc_section_overlay\" style=\"\"><div class=\"sc_section_content padding_on\" style=\"\">[vc_empty_space height=&#8221;1.9286em&#8221;]<div class=\"sc_content content_wrap\"><div id=\"sc_clients_59463131_wrap\" class=\"sc_clients_wrap\"><div id=\"sc_clients_59463131\" class=\"sc_clients sc_clients_style_clients-1  sc_slider_nopagination sc_slider_nocontrols sc_slider_swiper swiper-slider-container\" data-interval=\"5000\" data-slides-per-view=\"3\" style=\"margin-top:3em;margin-bottom:3em;width:100%;\"><h2 class=\"sc_clients_title sc_item_title\">Hizmet \u00dcretti\u011fimiz Belediyeler<\/h2><div class=\"sc_clients_descr sc_item_descr\">Sa\u011f\u0131ro\u011flu Makina olarak Kocaeli ekosistemindeki belediyelerimiz ile i\u015fbirli\u011fi i\u00e7erisindeyiz ve onlara hizmet \u00fcretiyoruz<\/div><div class=\"slides swiper-wrapper\"><div class=\"swiper-slide\" data-style=\"width:100%;\" style=\"width:100%;\">\t\t\t<div id=\"sc_clients_59463131_1\" class=\"sc_clients_item sc_clients_item_1 odd first\">\n\t\t\t\t\t\t\t\t<div class=\"sc_client_image\"><img decoding=\"async\" class=\"wp-post-image\" alt=\"Kocaeli B\u00fcy\u00fck\u015fehir Belediyesi\" src=\"https:\/\/sagiroglumakina.com.tr\/wp-content\/uploads\/2023\/08\/Kocaeli-Buyuksehsr-Belediyesi.webp\"><\/div>\n\t\t\t\t\t\t\t<\/div>\n\t\t<\/div><div class=\"swiper-slide\" data-style=\"width:100%;\" style=\"width:100%;\">\t\t\t<div id=\"sc_clients_59463131_2\" class=\"sc_clients_item sc_clients_item_2 even\">\n\t\t\t\t\t\t\t\t<div class=\"sc_client_image\"><img decoding=\"async\" class=\"wp-post-image\" alt=\"\u0130zmit Belediyesi\" src=\"https:\/\/sagiroglumakina.com.tr\/wp-content\/uploads\/2023\/08\/Izmit-Belediyesi.webp\"><\/div>\n\t\t\t\t\t\t\t<\/div>\n\t\t<\/div><div class=\"swiper-slide\" data-style=\"width:100%;\" style=\"width:100%;\">\t\t\t<div id=\"sc_clients_59463131_3\" class=\"sc_clients_item sc_clients_item_3 odd\">\n\t\t\t\t\t\t\t\t<div class=\"sc_client_image\"><img decoding=\"async\" class=\"wp-post-image\" alt=\"Kartepe Belediyesi\" src=\"https:\/\/sagiroglumakina.com.tr\/wp-content\/uploads\/2023\/08\/Kartepe-Belediyesi.webp\"><\/div>\n\t\t\t\t\t\t\t<\/div>\n\t\t<\/div><div class=\"swiper-slide\" data-style=\"width:100%;\" style=\"width:100%;\">\t\t\t<div id=\"sc_clients_59463131_4\" class=\"sc_clients_item sc_clients_item_4 even\">\n\t\t\t\t\t\t\t\t<div class=\"sc_client_image\"><img decoding=\"async\" class=\"wp-post-image\" alt=\"Ba\u015fiskele Belediyesi\" src=\"https:\/\/sagiroglumakina.com.tr\/wp-content\/uploads\/2023\/08\/Basiskele-Belediyesi.webp\"><\/div>\n\t\t\t\t\t\t\t<\/div>\n\t\t<\/div><div class=\"swiper-slide\" data-style=\"width:100%;\" style=\"width:100%;\">\t\t\t<div id=\"sc_clients_59463131_5\" class=\"sc_clients_item sc_clients_item_5 odd\">\n\t\t\t\t\t\t\t\t<div class=\"sc_client_image\"><img decoding=\"async\" class=\"wp-post-image\" alt=\"G\u00f6lc\u00fck Belediyesi\" src=\"https:\/\/sagiroglumakina.com.tr\/wp-content\/uploads\/2023\/08\/Golcuk-Belediyesi.webp\"><\/div>\n\t\t\t\t\t\t\t<\/div>\n\t\t<\/div><div class=\"swiper-slide\" data-style=\"width:100%;\" style=\"width:100%;\">\t\t\t<div id=\"sc_clients_59463131_6\" class=\"sc_clients_item sc_clients_item_6 even\">\n\t\t\t\t\t\t\t\t<div class=\"sc_client_image\"><img decoding=\"async\" class=\"wp-post-image\" alt=\"Kand\u0131ra Belediyesi\" src=\"https:\/\/sagiroglumakina.com.tr\/wp-content\/uploads\/2023\/08\/Kandira-Belediyesi.webp\"><\/div>\n\t\t\t\t\t\t\t<\/div>\n\t\t<\/div><\/div><div class=\"sc_slider_controls_wrap\"><a class=\"sc_slider_prev\" href=\"#\"><\/a><a class=\"sc_slider_next\" href=\"#\"><\/a><\/div><div class=\"sc_slider_pagination_wrap\"><\/div><\/div><!-- \/.sc_clients --><\/div><!-- \/.sc_clients_wrap --><\/div>[vc_empty_space height=&#8221;3.2857em&#8221;]<\/div><\/div><\/div><\/div>[\/vc_column][\/vc_row]<\/p>\n<\/section>","protected":false},"excerpt":{"rendered":"<p>[vc_row full_width=&#8221;stretch_row_content_no_spaces&#8221;][vc_column][\/vc_column][\/vc_row][vc_row][vc_column][vc_empty_space height=&#8221;6.9286em&#8221;][vc_empty_space height=&#8221;3.0714em&#8221;][\/vc_column][\/vc_row][vc_row full_width=&#8221;stretch_row_content_no_spaces&#8221;][vc_column][\/vc_column][\/vc_row]<\/p>\n","protected":false},"author":1,"featured_media":0,"parent":0,"menu_order":0,"comment_status":"open","ping_status":"open","template":"","meta":{"inline_featured_image":false,"footnotes":""},"class_list":["post-970","page","type-page","status-publish","hentry"],"_links":{"self":[{"href":"https:\/\/sagiroglumakina.com.tr\/index.php\/wp-json\/wp\/v2\/pages\/970","targetHints":{"allow":["GET"]}}],"collection":[{"href":"https:\/\/sagiroglumakina.com.tr\/index.php\/wp-json\/wp\/v2\/pages"}],"about":[{"href":"https:\/\/sagiroglumakina.com.tr\/index.php\/wp-json\/wp\/v2\/types\/page"}],"author":[{"embeddable":true,"href":"https:\/\/sagiroglumakina.com.tr\/index.php\/wp-json\/wp\/v2\/users\/1"}],"replies":[{"embeddable":true,"href":"https:\/\/sagiroglumakina.com.tr\/index.php\/wp-json\/wp\/v2\/comments?post=970"}],"version-history":[{"count":19,"href":"https:\/\/sagiroglumakina.com.tr\/index.php\/wp-json\/wp\/v2\/pages\/970\/revisions"}],"predecessor-version":[{"id":2238,"href":"https:\/\/sagiroglumakina.com.tr\/index.php\/wp-json\/wp\/v2\/pages\/970\/revisions\/2238"}],"wp:attachment":[{"href":"https:\/\/sagiroglumakina.com.tr\/index.php\/wp-json\/wp\/v2\/media?parent=970"}],"curies":[{"name":"wp","href":"https:\/\/api.w.org\/{rel}","templated":true}]}}