{"id":839,"date":"2015-08-14T11:46:46","date_gmt":"2015-08-14T11:46:46","guid":{"rendered":"https:\/\/sagiroglumakina.com.tr\/?page_id=839"},"modified":"2023-08-23T15:20:24","modified_gmt":"2023-08-23T12:20:24","slug":"hakkimizda","status":"publish","type":"page","link":"https:\/\/sagiroglumakina.com.tr\/index.php\/hakkimizda\/","title":{"rendered":"Hakk\u0131m\u0131zda"},"content":{"rendered":"<section class=\"wpb-content-wrapper\"><p>[vc_row full_width=&#8221;stretch_row_content_no_spaces&#8221;][vc_column]<div class=\"sc_parallax sc_parallax_reverse_no\" data-parallax-speed=\"0.3\" data-parallax-x-pos=\"50%\" data-parallax-y-pos=\"50%\"><div class=\"sc_parallax_content\" style=\"background-image:url(https:\/\/sagiroglumakina.com.tr\/wp-content\/uploads\/2023\/08\/nature-g95677e7f6_1920-1600x600xc.webp); background-position:50% 50%;\"><div class=\"sc_parallax_overlay\" style=\"background-color:rgba(0,0,0,0.5);\" data-overlay=\"0.5\" data-bg_color=\"\"><div class=\"sc_content content_wrap\">[vc_column_text el_class=&#8221;hakkimizda-banner-text&#8221;]<\/p>\n<p style=\"text-align: center;\">Sa\u011f\u0131ro\u011flu Makina&#8217;n\u0131n bah\u00e7e makina ve ekipmanlar\u0131; \u00e7imlerinizi, \u00e7itleri ve a\u011fa\u00e7lar\u0131n\u0131z\u0131 tam bir huzur deposuna d\u00f6n\u00fc\u015ft\u00fcrme s\u00fcrecinde size yard\u0131mc\u0131 olmaktad\u0131r.<\/p>\n<p>[\/vc_column_text]<\/div><\/div><\/div><\/div>[\/vc_column][\/vc_row][vc_row][vc_column]<div class=\"sc_content content_wrap\">[vc_empty_space height=&#8221;6.9286em&#8221;]<h1 class=\"sc_title sc_title_regular sc_align_center\" style=\"text-align:center;\">Fiyat &#8211; Performans \u0130lkesi<\/h1>[vc_column_text]T\u00fcm makinelerimiz ve aletlerimiz y\u00fcksek beklenti ve ikna edici fiyat-performans oran\u0131 ile sizin ihtiya\u00e7lar\u0131n\u0131za y\u00f6nelik geli\u015ftirildi ve tasarland\u0131.[\/vc_column_text][vc_empty_space height=&#8221;4.9286em&#8221;]<\/div>[\/vc_column][\/vc_row][vc_row full_width=&#8221;stretch_row&#8221;][vc_column]<!-- #TRX_GAP_START# --><div class=\"sc_section sc_section_reverse_no\" style=\"background-color:#f7f7f7;\"><div class=\"sc_section_inner\"><div class=\"sc_section_overlay\" style=\"\"><div class=\"sc_section_content padding_on\" style=\"\"><div class=\"sc_content content_wrap\"><div class=\"columns_wrap sc_columns columns_nofluid no_margins nodark_section_columns sc_columns_count_2\"><div class=\"column-1_2 sc_column_item sc_column_item_1 odd first\"><figure class=\"sc_image  alignleft sc_image_shape_square\" style=\"margin-top:2.0714em !important;margin-bottom:0px !important;\"><img decoding=\"async\" src=\"https:\/\/sagiroglumakina.com.tr\/wp-content\/uploads\/2023\/08\/f041d414306a4147ed10147716b16c70.webp\" alt=\"\" \/><\/figure><\/div><div class=\"column-1_2 sc_column_item sc_column_item_2 even\">[vc_empty_space height=&#8221;2.64286em&#8221;]<h2 class=\"sc_title sc_title_regular sc_align_left styling2\" style=\"text-align:left;\">Hizmet \u0130lkelerimiz<\/h2>[vc_column_text]Bizi biz yapan, satt\u0131\u011f\u0131m\u0131z \u00fcr\u00fcnlerden verdi\u011fimiz bak\u0131m ve tamirat hizmetlerine kadar profesyonelli\u011fimizi korumam\u0131za yard\u0131mc\u0131 olan baz\u0131 ilkelerimiz \u015funlard\u0131r:[\/vc_column_text]<div class=\"sc_section sc_section_reverse_no alignleft column-1_2\"><div class=\"sc_section_inner\">[vc_empty_space height=&#8221;2.2857em&#8221;]<span class=\"sc_icon icon-settings-1 alignleft\" style=\"display:block;margin-right:10px;margin-bottom:25px;font-size:2em; line-height: 1em;color:#17c8f4;\"><\/span><h6 class=\"sc_title sc_title_regular\" style=\"margin-top:0px;font-weight:700;\">Teknik Servis<\/h6>[vc_column_text]\u00f6zenli ve ustal\u0131kl\u0131, ekipman teknik servis hizmeti[\/vc_column_text][vc_empty_space height=&#8221;2.2857em&#8221;]<span class=\"sc_icon icon-bigtruck alignleft\" style=\"display:block;margin-right:10px;margin-bottom:25px;font-size:2em; line-height: 1em;color:#17c8f4;\"><\/span><h6 class=\"sc_title sc_title_regular\" style=\"margin-top:0px;font-weight:700;\">Kargoda Kolayl\u0131k<\/h6>[vc_column_text]h\u0131zl\u0131 ve g\u00fcvenilir kargo teslimi \u00f6nceli\u011fimizdir[\/vc_column_text]<\/div><\/div><div class=\"sc_section sc_section_reverse_no alignright column-1_2\"><div class=\"sc_section_inner\">[vc_empty_space height=&#8221;2.2857em&#8221;]<span class=\"sc_icon icon-lightbulb-light alignleft\" style=\"display:block;margin-right:10px;margin-bottom:25px;font-size:2em; line-height: 1em;color:#17c8f4;\"><\/span><h6 class=\"sc_title sc_title_regular\" style=\"margin-top:0px;font-weight:700;\">M\u00fc\u015fteri Odakl\u0131l\u0131k<\/h6>[vc_column_text]m\u00fc\u015fteriyi ayd\u0131nlat\u0131c\u0131 a\u00e7\u0131k bir ileti\u015fim \u015fekli[\/vc_column_text][vc_empty_space height=&#8221;2.2857em&#8221;]<span class=\"sc_icon icon-star alignleft\" style=\"display:block;margin-right:10px;margin-bottom:25px;font-size:2em; line-height: 1em;color:#17c8f4;\"><\/span><h6 class=\"sc_title sc_title_regular\" style=\"margin-top:0px;font-weight:700;\">Kaliteli Ekipman<\/h6>[vc_column_text]sekt\u00f6r\u00fcn bilinen marka ve par\u00e7alar\u0131 kullan\u0131lmaktad\u0131r[\/vc_column_text]<\/div><\/div><\/div><\/div><\/div><\/div><\/div><\/div><\/div><!-- #TRX_GAP_END# -->[vc_empty_space height=&#8221;2.64286em&#8221;][\/vc_column][\/vc_row]<\/p>\n<\/section>","protected":false},"excerpt":{"rendered":"<p>[vc_row full_width=&#8221;stretch_row_content_no_spaces&#8221;][vc_column][\/vc_column][\/vc_row][vc_row][vc_column][\/vc_column][\/vc_row][vc_row full_width=&#8221;stretch_row&#8221;][vc_column][vc_empty_space height=&#8221;2.64286em&#8221;][\/vc_column][\/vc_row]<\/p>\n","protected":false},"author":1,"featured_media":0,"parent":0,"menu_order":0,"comment_status":"open","ping_status":"open","template":"","meta":{"inline_featured_image":false,"footnotes":""},"class_list":["post-839","page","type-page","status-publish","hentry"],"_links":{"self":[{"href":"https:\/\/sagiroglumakina.com.tr\/index.php\/wp-json\/wp\/v2\/pages\/839","targetHints":{"allow":["GET"]}}],"collection":[{"href":"https:\/\/sagiroglumakina.com.tr\/index.php\/wp-json\/wp\/v2\/pages"}],"about":[{"href":"https:\/\/sagiroglumakina.com.tr\/index.php\/wp-json\/wp\/v2\/types\/page"}],"author":[{"embeddable":true,"href":"https:\/\/sagiroglumakina.com.tr\/index.php\/wp-json\/wp\/v2\/users\/1"}],"replies":[{"embeddable":true,"href":"https:\/\/sagiroglumakina.com.tr\/index.php\/wp-json\/wp\/v2\/comments?post=839"}],"version-history":[{"count":18,"href":"https:\/\/sagiroglumakina.com.tr\/index.php\/wp-json\/wp\/v2\/pages\/839\/revisions"}],"predecessor-version":[{"id":2219,"href":"https:\/\/sagiroglumakina.com.tr\/index.php\/wp-json\/wp\/v2\/pages\/839\/revisions\/2219"}],"wp:attachment":[{"href":"https:\/\/sagiroglumakina.com.tr\/index.php\/wp-json\/wp\/v2\/media?parent=839"}],"curies":[{"name":"wp","href":"https:\/\/api.w.org\/{rel}","templated":true}]}}