{"id":1399,"date":"2015-09-01T11:49:08","date_gmt":"2015-09-01T11:49:08","guid":{"rendered":"https:\/\/sagiroglumakina.com.tr\/?page_id=1399"},"modified":"2023-08-23T18:33:31","modified_gmt":"2023-08-23T15:33:31","slug":"iletisim","status":"publish","type":"page","link":"https:\/\/sagiroglumakina.com.tr\/index.php\/iletisim\/","title":{"rendered":"\u0130leti\u015fim"},"content":{"rendered":"<section class=\"wpb-content-wrapper\"><p>[vc_row][vc_column]<div class=\"sc_section sc_section_reverse_no aligncenter\" style=\"margin-top:7.1429em !important;margin-bottom:6.4286em !important;\"><div class=\"sc_section_inner\"><h2 class=\"sc_title sc_title_regular sc_align_center styling2\" style=\"text-align:center;\">Bize Ula\u015f\u0131n<\/h2>[vc_column_text el_class=&#8221;sc_item_descr&#8221; css=&#8221;.vc_custom_1692789574849{margin-bottom: 2.55em !important;}&#8221;]Doldurulmas\u0131 zorunlu alanlar * ile belirtilmi\u015ftir.[\/vc_column_text]<div class=\"columns_wrap sc_columns columns_nofluid nodark_section_columns sc_columns_count_3\"><div class=\"column-1_3 sc_column_item sc_column_item_1 odd first\" style=\"text-align:left;\">[vc_column_text]<strong style=\"color: #232a34;\">Adres<\/strong><br \/>\n28 Haziran, Bayram Aslan Sk. No:37, 41060 \u0130zmit\/Kocaeli<\/p>\n<p><strong style=\"color: #232a34;\">\u00c7al\u0131\u015fma Saatlerimiz<\/strong><br \/>\nPazartesi-Cumartesi: 9.00-18.30<\/p>\n<p><strong style=\"color: #232a34;\">Telefon<\/strong><br \/>\n<a href=\"tel:02623316162\">0262 331 61 62<\/a><\/p>\n<p><strong style=\"color: #232a34;\">E-posta<\/strong><br \/>\n<a href=\"mailto:sagiroglumakina.com.tr\">info@sagiroglumakina.com.tr<\/a>[\/vc_column_text]<div class=\"sc_socials sc_socials_type_icons sc_socials_shape_round sc_socials_size_tiny\" style=\"margin-top:28px;\"><div class=\"sc_socials_item\"><a href=\"https:\/\/twitter.com\/\" target=\"_blank\" class=\"social_icons social_twitter\"><span class=\"icon-twitter\"><\/span><\/a><\/div><div class=\"sc_socials_item\"><a href=\"https:\/\/www.facebook.com\/\" target=\"_blank\" class=\"social_icons social_facebook\"><span class=\"icon-facebook\"><\/span><\/a><\/div><div class=\"sc_socials_item\"><a href=\"https:\/\/www.instagram.com\/\" target=\"_blank\" class=\"social_icons social_instagramm\"><span class=\"icon-instagramm\"><\/span><\/a><\/div><\/div><\/div><div class=\"column-2_3 sc_column_item sc_column_item_2 even span_2\">[vc_raw_html]JTNDZGl2JTIwaWQlM0QlMjJ6Zl9kaXZfRGJ1SnJWNXFEeDFzWXk5YmJBdVNHaVVENjNqZlB5cjgzNDdES1J2Rk54RSUyMiUzRSUzQyUyRmRpdiUzRQ==[\/vc_raw_html][vc_raw_js]JTNDc2NyaXB0JTIwdHlwZSUzRCUyMnRleHQlMkZqYXZhc2NyaXB0JTIyJTNFJTI4ZnVuY3Rpb24lMjglMjklMjAlN0IlMEF0cnklN0IlMEF2YXIlMjBmJTIwJTNEJTIwZG9jdW1lbnQuY3JlYXRlRWxlbWVudCUyOCUyMmlmcmFtZSUyMiUyOSUzQiUwQWYuc3JjJTIwJTNEJTIwJTI3aHR0cHMlM0ElMkYlMkZmb3Jtcy56b2hvcHVibGljLmV1JTJGc2Fyb2x1bWFraW5hJTJGZm9ybSUyRmxldGlpbUZvcm11JTJGZm9ybXBlcm1hJTJGRGJ1SnJWNXFEeDFzWXk5YmJBdVNHaVVENjNqZlB5cjgzNDdES1J2Rk54RSUzRnpmX3JzemZtJTNEMSUyNyUzQiUwQWYuc3R5bGUuYm9yZGVyJTNEJTIybm9uZSUyMiUzQiUwQWYuc3R5bGUuaGVpZ2h0JTNEJTIyNzcwcHglMjIlM0IlMEFmLnN0eWxlLndpZHRoJTNEJTIyOTAlMjUlMjIlM0IlMEFmLnN0eWxlLnRyYW5zaXRpb24lM0QlMjJhbGwlMjAwLjVzJTIwZWFzZSUyMiUzQiUwQSUwQXZhciUyMGQlMjAlM0QlMjBkb2N1bWVudC5nZXRFbGVtZW50QnlJZCUyOCUyMnpmX2Rpdl9EYnVKclY1cUR4MXNZeTliYkF1U0dpVUQ2M2pmUHlyODM0N0RLUnZGTnhFJTIyJTI5JTNCJTBBZC5hcHBlbmRDaGlsZCUyOGYlMjklM0IlMEF3aW5kb3cuYWRkRXZlbnRMaXN0ZW5lciUyOCUyN21lc3NhZ2UlMjclMkMlMjBmdW5jdGlvbiUyMCUyOCUyOSU3QiUwQXZhciUyMGV2bnREYXRhJTIwJTNEJTIwZXZlbnQuZGF0YSUzQiUwQWlmJTI4JTIwZXZudERhdGElMjAlMjYlMjYlMjBldm50RGF0YS5jb25zdHJ1Y3RvciUyMCUzRCUzRCUyMFN0cmluZyUyMCUyOSU3QiUwQXZhciUyMHpmX2lmcm1fZGF0YSUyMCUzRCUyMGV2bnREYXRhLnNwbGl0JTI4JTIyJTdDJTIyJTI5JTNCJTBBaWYlMjAlMjglMjB6Zl9pZnJtX2RhdGEubGVuZ3RoJTIwJTNEJTNEJTIwMiUyMCUyOSUyMCU3QiUwQXZhciUyMHpmX3Blcm1hJTIwJTNEJTIwemZfaWZybV9kYXRhJTVCMCU1RCUzQiUwQXZhciUyMHpmX2lmcm1faHRfbnclMjAlM0QlMjAlMjglMjBwYXJzZUludCUyOHpmX2lmcm1fZGF0YSU1QjElNUQlMkMlMjAxMCUyOSUyMCUyQiUyMDE1JTIwJTI5JTIwJTJCJTIwJTIycHglMjIlM0IlMEF2YXIlMjBpZnJhbWUlMjAlM0QlMjBkb2N1bWVudC5nZXRFbGVtZW50QnlJZCUyOCUyMnpmX2Rpdl9EYnVKclY1cUR4MXNZeTliYkF1U0dpVUQ2M2pmUHlyODM0N0RLUnZGTnhFJTIyJTI5LmdldEVsZW1lbnRzQnlUYWdOYW1lJTI4JTIyaWZyYW1lJTIyJTI5JTVCMCU1RCUzQiUwQWlmJTIwJTI4JTIwJTI4aWZyYW1lLnNyYyUyOS5pbmRleE9mJTI4JTI3Zm9ybXBlcm1hJTI3JTI5JTIwJTNFJTIwMCUyMCUyNiUyNiUyMCUyOGlmcmFtZS5zcmMlMjkuaW5kZXhPZiUyOHpmX3Blcm1hJTI5JTIwJTNFJTIwMCUyMCUyOSUyMCU3QiUwQXZhciUyMHByZXZJZnJhbWVIZWlnaHQlMjAlM0QlMjBpZnJhbWUuc3R5bGUuaGVpZ2h0JTNCJTBBaWYlMjAlMjglMjBwcmV2SWZyYW1lSGVpZ2h0JTIwJTIxJTNEJTIwemZfaWZybV9odF9udyUyMCUyOSUyMCU3QiUwQWlmcmFtZS5zdHlsZS5oZWlnaHQlMjAlM0QlMjB6Zl9pZnJtX2h0X253JTNCJTBBJTdEJTBBJTdEJTBBJTdEJTBBJTdEJTBBJTdEJTJDJTIwZmFsc2UlMjklM0IlMEElN0RjYXRjaCUyOGUlMjklN0IlN0QlMEElN0QlMjklMjglMjklM0IlM0MlMkZzY3JpcHQlM0U=[\/vc_raw_js]<\/div><\/div><\/div><\/div>[\/vc_column][\/vc_row][vc_row][vc_column]<!-- #TRX_GAP_START# --><div id=\"sc_googlemap_1217354561\" class=\"sc_googlemap\" style=\"width:100%;height:25em;\" data-zoom=\"16\" data-style=\"style1\"><iframe src=\"https:\/\/maps.google.com\/maps?t=m&output=embed&iwloc=near&z=16&q=Chicago%2C+IL+60606\" scrolling=\"no\" marginheight=\"0\" marginwidth=\"0\" frameborder=\"0\" aria-label=\"\"><\/iframe><\/div><!-- #TRX_GAP_END# -->[\/vc_column][\/vc_row]<\/p>\n<\/section>","protected":false},"excerpt":{"rendered":"<p>[vc_row][vc_column][\/vc_column][\/vc_row][vc_row][vc_column][\/vc_column][\/vc_row]<\/p>\n","protected":false},"author":1,"featured_media":0,"parent":0,"menu_order":0,"comment_status":"open","ping_status":"open","template":"","meta":{"inline_featured_image":false,"footnotes":""},"class_list":["post-1399","page","type-page","status-publish","hentry"],"_links":{"self":[{"href":"https:\/\/sagiroglumakina.com.tr\/index.php\/wp-json\/wp\/v2\/pages\/1399","targetHints":{"allow":["GET"]}}],"collection":[{"href":"https:\/\/sagiroglumakina.com.tr\/index.php\/wp-json\/wp\/v2\/pages"}],"about":[{"href":"https:\/\/sagiroglumakina.com.tr\/index.php\/wp-json\/wp\/v2\/types\/page"}],"author":[{"embeddable":true,"href":"https:\/\/sagiroglumakina.com.tr\/index.php\/wp-json\/wp\/v2\/users\/1"}],"replies":[{"embeddable":true,"href":"https:\/\/sagiroglumakina.com.tr\/index.php\/wp-json\/wp\/v2\/comments?post=1399"}],"version-history":[{"count":5,"href":"https:\/\/sagiroglumakina.com.tr\/index.php\/wp-json\/wp\/v2\/pages\/1399\/revisions"}],"predecessor-version":[{"id":2222,"href":"https:\/\/sagiroglumakina.com.tr\/index.php\/wp-json\/wp\/v2\/pages\/1399\/revisions\/2222"}],"wp:attachment":[{"href":"https:\/\/sagiroglumakina.com.tr\/index.php\/wp-json\/wp\/v2\/media?parent=1399"}],"curies":[{"name":"wp","href":"https:\/\/api.w.org\/{rel}","templated":true}]}}